{"id":136,"date":"2016-03-30T11:10:47","date_gmt":"2016-03-30T07:10:47","guid":{"rendered":"http:\/\/portail.isnelle-amelin.ac-reunion.fr\/wordpress\/laicite\/?page_id=136"},"modified":"2016-03-30T11:10:47","modified_gmt":"2016-03-30T07:10:47","slug":"charte-simplifiee","status":"publish","type":"page","link":"https:\/\/portail.isnelle-amelin.ac-reunion.fr\/wordpress\/laicite\/la-charte-de-la-laicite\/charte-simplifiee\/","title":{"rendered":"CHARTE SIMPLIFIEE"},"content":{"rendered":"<p><a href=\"http:\/\/portail.isnelle-amelin.ac-reunion.fr\/wordpress\/laicite\/files\/2016\/03\/charte-simplifi\u00e9e.png\"><img decoding=\"async\" loading=\"lazy\" class=\"size-medium wp-image-141 aligncenter\" src=\"http:\/\/portail.isnelle-amelin.ac-reunion.fr\/wordpress\/laicite\/files\/2016\/03\/charte-simplifi\u00e9e-211x300.png\" alt=\"charte simplifi\u00e9e\" width=\"211\" height=\"300\" srcset=\"https:\/\/portail.isnelle-amelin.ac-reunion.fr\/wordpress\/laicite\/files\/2016\/03\/charte-simplifi\u00e9e-211x300.png 211w, https:\/\/portail.isnelle-amelin.ac-reunion.fr\/wordpress\/laicite\/files\/2016\/03\/charte-simplifi\u00e9e.png 411w\" sizes=\"(max-width: 211px) 100vw, 211px\" \/><\/a><\/p>\n<p>Article 1<br \/>\nLa France est une R\u00e9publique la\u00efque et d\u00e9mocratique.<br \/>\nElle assure l\u2019\u00e9galit\u00e9 devant la loi et respecte les croyances de tout<br \/>\nle monde.<\/p>\n<p>Article 2<br \/>\nL\u2019\u00c9tat est neutre, cela signifie qu\u2019il est s\u00e9par\u00e9 de toute conviction<br \/>\nreligieuse ou spirituelle.<\/p>\n<p>Article 3<br \/>\nLa la\u00efcit\u00e9 garantit la libert\u00e9 de croire ou de ne pas croire.<br \/>\nChacun peut s\u2019exprimer librement dans le respect de l\u2019autre.<\/p>\n<p>Article 4<br \/>\nLa la\u00efcit\u00e9 concilie la libert\u00e9, l\u2019\u00e9galit\u00e9 et la fraternit\u00e9. Elle a le souci de<br \/>\nl\u2019int\u00e9r\u00eat g\u00e9n\u00e9ral et du vivre ensemble.<\/p>\n<p>Article 5<br \/>\nLa R\u00e9publique assure le respect de tous les principes \u00e9nonc\u00e9s<br \/>\ndans cette Charte, au sein des \u00e9tablissements scolaires.<\/p>\n<p>Article 6<br \/>\nL\u2019\u00c9cole prot\u00e8ge les \u00e9l\u00e8ves de toute pression qui les emp\u00eacherait<br \/>\nde faire leurs propres choix.<\/p>\n<p>Article 7<br \/>\nLa la\u00efcit\u00e9 assure aux \u00e9l\u00e8ves l\u2019acc\u00e8s \u00e0 une culture commune et partag\u00e9e.<\/p>\n<p>Article 8<br \/>\nA l\u2019\u00e9cole, les \u00e9l\u00e8ves peuvent s\u2019exprimer librement dans<br \/>\nla limite du bon fonctionnement de l\u2019\u00c9cole et du respect des valeurs<br \/>\nr\u00e9publicaines.<\/p>\n<p>Article 9<br \/>\nL\u2019\u00c9cole rejette toutes les formes de violences et de discriminations. L\u2019\u00e9galit\u00e9 entre filles et gar\u00e7ons y est garantie.<\/p>\n<p>Article 10<br \/>\nTous les personnels doivent faire conna\u00eetre aux \u00e9l\u00e8ves et \u00e0 leurs<br \/>\nparents le sens et les valeurs de cette Charte. Ils doivent<br \/>\nveiller \u00e0 leur bonne applicationdans le cadre scolaire.<\/p>\n<p>Article 11<br \/>\nLes personnels ont un devoir de stricte neutralit\u00e9:<br \/>\nils ne doivent pas manifester leurs convictions dans le cadre<br \/>\nde leurs fonctions.<\/p>\n<p>Article 12<br \/>\nLes enseignements sont la\u00efques. Tous les sujets peuvent<br \/>\n\u00eatre abord\u00e9s. La religion ou l\u2019avis politique d\u2019un \u00e9l\u00e8ve ne l\u2019autorise pas<br \/>\n\u00e0 s\u2019opposer \u00e0 un enseignement.<\/p>\n<p>Article 13<br \/>\nOn ne peut pas s\u2019opposer aux r\u00e8gles applicables \u00e0 l\u2019\u00c9cole \u00e0<br \/>\ncause de son appartenance religieuse.<\/p>\n<p>Article 14<br \/>\nLe r\u00e8glement int\u00e9rieur est respectueux de la la\u00efcit\u00e9.<br \/>\nTous signes ext\u00e9rieurs manifestant une appartenance religieuse de<br \/>\nmani\u00e8re excessive sont interdits.<\/p>\n<p>Article 15<br \/>\nTous ensemble, les \u00e9l\u00e8ves contribuent \u00e0 faire vivre la la\u00efcit\u00e9<br \/>\nau sein de leur \u00e9tablissement.<\/p>\n<p><a href=\"http:\/\/portail.isnelle-amelin.ac-reunion.fr\/wordpress\/laicite\/files\/2016\/03\/Chartedelalacitsimplifie.pdf\" target=\"_blank\">lien vers la charte<\/a><\/p>\n","protected":false},"excerpt":{"rendered":"<p>Article 1 La France est une R\u00e9publique la\u00efque et d\u00e9mocratique. Elle assure l\u2019\u00e9galit\u00e9 devant la loi et respecte les croyances de tout le monde. Article 2 L\u2019\u00c9tat est neutre, cela signifie qu\u2019il est s\u00e9par\u00e9 de toute conviction religieuse ou spirituelle. Article 3 La la\u00efcit\u00e9 garantit la libert\u00e9 de croire ou de ne pas croire. Chacun &hellip; <a href=\"https:\/\/portail.isnelle-amelin.ac-reunion.fr\/wordpress\/laicite\/la-charte-de-la-laicite\/charte-simplifiee\/\" class=\"more-link\">Continuer la lecture de <span class=\"screen-reader-text\">CHARTE SIMPLIFIEE<\/span>  <span class=\"meta-nav\">&rarr;<\/span><\/a><\/p>\n","protected":false},"author":3092,"featured_media":141,"parent":49,"menu_order":0,"comment_status":"closed","ping_status":"closed","template":"","meta":{"_links_to":"","_links_to_target":""},"_links":{"self":[{"href":"https:\/\/portail.isnelle-amelin.ac-reunion.fr\/wordpress\/laicite\/wp-json\/wp\/v2\/pages\/136"}],"collection":[{"href":"https:\/\/portail.isnelle-amelin.ac-reunion.fr\/wordpress\/laicite\/wp-json\/wp\/v2\/pages"}],"about":[{"href":"https:\/\/portail.isnelle-amelin.ac-reunion.fr\/wordpress\/laicite\/wp-json\/wp\/v2\/types\/page"}],"author":[{"embeddable":true,"href":"https:\/\/portail.isnelle-amelin.ac-reunion.fr\/wordpress\/laicite\/wp-json\/wp\/v2\/users\/3092"}],"replies":[{"embeddable":true,"href":"https:\/\/portail.isnelle-amelin.ac-reunion.fr\/wordpress\/laicite\/wp-json\/wp\/v2\/comments?post=136"}],"version-history":[{"count":2,"href":"https:\/\/portail.isnelle-amelin.ac-reunion.fr\/wordpress\/laicite\/wp-json\/wp\/v2\/pages\/136\/revisions"}],"predecessor-version":[{"id":142,"href":"https:\/\/portail.isnelle-amelin.ac-reunion.fr\/wordpress\/laicite\/wp-json\/wp\/v2\/pages\/136\/revisions\/142"}],"up":[{"embeddable":true,"href":"https:\/\/portail.isnelle-amelin.ac-reunion.fr\/wordpress\/laicite\/wp-json\/wp\/v2\/pages\/49"}],"wp:featuredmedia":[{"embeddable":true,"href":"https:\/\/portail.isnelle-amelin.ac-reunion.fr\/wordpress\/laicite\/wp-json\/wp\/v2\/media\/141"}],"wp:attachment":[{"href":"https:\/\/portail.isnelle-amelin.ac-reunion.fr\/wordpress\/laicite\/wp-json\/wp\/v2\/media?parent=136"}],"curies":[{"name":"wp","href":"https:\/\/api.w.org\/{rel}","templated":true}]}}